{"id":1031,"date":"2025-07-15T10:09:03","date_gmt":"2025-07-15T10:09:03","guid":{"rendered":"https:\/\/tavolatastmoritz.ch\/?page_id=1031"},"modified":"2025-07-26T11:55:58","modified_gmt":"2025-07-26T11:55:58","slug":"samstag-tavolata-tailgate","status":"publish","type":"page","link":"https:\/\/tavolatastmoritz.ch\/en\/programm\/samstag-tavolata-tailgate\/","title":{"rendered":"Saturday, July 26: Tavolata Tailgate"},"content":{"rendered":"<div class=\"wp-block-group has-global-padding is-layout-constrained wp-block-group-is-layout-constrained\">\n<div class=\"wp-block-group alignfull has-yellow-background-color has-background has-global-padding is-layout-constrained wp-block-group-is-layout-constrained\" style=\"padding-top:var(--wp--preset--spacing--giga);padding-bottom:var(--wp--preset--spacing--giga)\">\n<div class=\"wp-block-group alignwide has-global-padding is-layout-constrained wp-block-group-is-layout-constrained\">\n<h2 class=\"wp-block-heading\"><strong>BBQ &amp; Music: pleasure meets passion.<\/strong><\/h2>\n\n\n\n<p>Saturday combines two worlds: smoky barbecue aromas and electronic vibes. The Tavolata Tailgate is a festival for connoisseurs, music lovers and anyone who appreciates contrasts. The village center becomes a stage for culinary diversity, relaxed vibes and eventful history.<\/p>\n<\/div>\n<\/div>\n\n\n\n<div class=\"wp-block-group alignwide has-global-padding is-layout-constrained wp-block-group-is-layout-constrained\">\n<div style=\"height:100px\" aria-hidden=\"true\" class=\"wp-block-spacer\"><\/div>\n\n\n\n<h2 class=\"wp-block-heading\">Music program<\/h2>\n\n\n\n<p><strong>Mainstage<\/strong><\/p>\n\n\n\n<figure class=\"wp-block-table\"><table class=\"has-fixed-layout\"><thead><tr><th>Time<\/th><th>Artists<\/th><\/tr><\/thead><tbody><tr><td>12:00-14:00<\/td><td>Background music<\/td><\/tr><tr><td>14:00-15:00<\/td><td>Amanda<\/td><\/tr><tr><td>15:30-16:30<\/td><td>Jamie<\/td><\/tr><tr><td>17:00-20:00<\/td><td>Chillout Music<\/td><\/tr><\/tbody><\/table><\/figure>\n\n\n\n<p><strong>Tavolino After Party @ Glattfelder Garage<\/strong><\/p>\n\n\n\n<figure class=\"wp-block-table\"><table class=\"has-fixed-layout\"><thead><tr><th>Time<\/th><th>Artists<\/th><\/tr><\/thead><tbody><tr><td>22:30-01:00<\/td><td>- From 22.30: Nebula Crew (Luis &amp; Sebastian)<\/td><\/tr><tr><td>01:00-02:00<\/td><td>- From 01 o'clock: Samarsi<\/td><\/tr><\/tbody><\/table><\/figure>\n\n\n\n<p><\/p>\n\n\n\n<div style=\"height:100px\" aria-hidden=\"true\" class=\"wp-block-spacer\"><\/div>\n\n\n\n<h2 class=\"wp-block-heading\">Culinary: BBQ worldwide<\/h2>\n\n\n\n<p>From gypsy kebabs to chuck rolls, from Asian fusion dishes to a sushi bar - Saturday brings the best of the grill to your plate.<\/p>\n\n\n\n<figure class=\"wp-block-table\"><table class=\"has-fixed-layout\"><thead><tr><th>Location<\/th><th>Provider<\/th><th>Court of law<\/th><\/tr><\/thead><tbody><tr><td>1<\/td><td>Hatecke<\/td><td>- Gypsy skewer<\/td><\/tr><tr><td>2<\/td><td>The Pure<\/td><td>- Chuck Roll<\/td><\/tr><tr><td>3<\/td><td>OKII<\/td><td>Yakitori \u713c\u304d\u9ce5<br>Negima - Chicken &amp; Leek: <br>CHF 15.-<br><br>Shishito \u7345\u5b50\u5510\u8f9b\u5b50 <br>Pimientos de Padr\u00f3n:<br>CHF 11.-<\/td><\/tr><tr><td>4<\/td><td>Monopoly<\/td><td>- Currywurst with Schrippe<\/td><\/tr><tr><td>5<\/td><td>Glattfelder <\/td><td>- Caviar, champagne and coffee<\/td><\/tr><tr><td>6<\/td><td>Nayan<\/td><td>Mixed sushi:<br>- 5 pieces of uramaki of your choice<br>- Hoso-Maki (6 pieces)<br>(Selection e.g. salmon, tuna, avocado)<br>- Gyoza (5 pieces)<br>Japanese dumplings with filling <br>- Takoyaki (5 pieces)<br>Japanese dough balls with octopus <br>- Ebi Arare (5 pieces)<br>Crispy prawns with Japanese breading <br>- Edamame spicy\/salty<br>Steamed soybeans with sea salt (spicy or salty) <br>- Mochi stick (3 mixed pieces)<br>Stuffed rice balls in different varieties<\/td><\/tr><tr><td>7<\/td><td>Hanselmann<\/td><td>- Sweets &amp; sausages<\/td><\/tr><\/tbody><\/table><\/figure>\n\n\n\n<div style=\"height:100px\" aria-hidden=\"true\" class=\"wp-block-spacer\"><\/div>\n\n\n\n<h2 class=\"wp-block-heading\">Locations &amp; Experiences<\/h2>\n\n\n\n<figure class=\"wp-block-image size-large\"><img loading=\"lazy\" decoding=\"async\" width=\"1024\" height=\"321\" src=\"https:\/\/tavolatastmoritz.ch\/wp-content\/uploads\/2025\/07\/Tavolata_Karten_Food-02-1024x321.png\" alt=\"Tavolata karten food 02\" class=\"wp-image-1125\" srcset=\"https:\/\/tavolatastmoritz.ch\/wp-content\/uploads\/2025\/07\/Tavolata_Karten_Food-02-1024x321.png 1024w, https:\/\/tavolatastmoritz.ch\/wp-content\/uploads\/2025\/07\/Tavolata_Karten_Food-02-300x94.png 300w, https:\/\/tavolatastmoritz.ch\/wp-content\/uploads\/2025\/07\/Tavolata_Karten_Food-02-768x241.png 768w, https:\/\/tavolatastmoritz.ch\/wp-content\/uploads\/2025\/07\/Tavolata_Karten_Food-02-1536x481.png 1536w, https:\/\/tavolatastmoritz.ch\/wp-content\/uploads\/2025\/07\/Tavolata_Karten_Food-02-2048x642.png 2048w, https:\/\/tavolatastmoritz.ch\/wp-content\/uploads\/2025\/07\/Tavolata_Karten_Food-02-18x6.png 18w\" sizes=\"auto, (max-width: 1024px) 100vw, 1024px\" \/><\/figure>\n\n\n\n<p><\/p>\n\n\n\n<div style=\"height:100px\" aria-hidden=\"true\" class=\"wp-block-spacer\"><\/div>\n<\/div>\n<\/div>","protected":false},"excerpt":{"rendered":"<p>BBQ &amp; Music: Genuss trifft auf Leidenschaft. Der Samstag verbindet zwei Welten: rauchige Grilld\u00fcfte und elektronische Vibes. Die Tavolata Tailgate ist ein Fest f\u00fcr Geniesser:innen, Musikliebhaber:innen und alle, die Kontraste sch\u00e4tzen. Der Dorfkern wird zur B\u00fchne f\u00fcr kulinarische Vielfalt, entspannte Vibes und bewegte Geschichte. Musikprogramm Mainstage Zeit K\u00fcnstler 12:00\u201314:00 Hintergrundmusik 14:00\u201315:00 Amanda 15:30\u201316:30 Jamie 17:00\u201320:00 [&hellip;]<\/p>","protected":false},"author":4,"featured_media":0,"parent":387,"menu_order":13,"comment_status":"closed","ping_status":"closed","template":"programm-details","meta":{"slim_seo":{"title":"Samstag, 26. Juli: Tavolata Tailgate - Tavolata St. Moritz","description":"BBQ &amp; Music: Genuss trifft auf Leidenschaft. Der Samstag verbindet zwei Welten: rauchige Grilld\u00fcfte und elektronische Vibes. Die Tavolata Tailgate ist ein F"},"footnotes":""},"class_list":["post-1031","page","type-page","status-publish","hentry"],"_links":{"self":[{"href":"https:\/\/tavolatastmoritz.ch\/en\/wp-json\/wp\/v2\/pages\/1031","targetHints":{"allow":["GET"]}}],"collection":[{"href":"https:\/\/tavolatastmoritz.ch\/en\/wp-json\/wp\/v2\/pages"}],"about":[{"href":"https:\/\/tavolatastmoritz.ch\/en\/wp-json\/wp\/v2\/types\/page"}],"author":[{"embeddable":true,"href":"https:\/\/tavolatastmoritz.ch\/en\/wp-json\/wp\/v2\/users\/4"}],"replies":[{"embeddable":true,"href":"https:\/\/tavolatastmoritz.ch\/en\/wp-json\/wp\/v2\/comments?post=1031"}],"version-history":[{"count":14,"href":"https:\/\/tavolatastmoritz.ch\/en\/wp-json\/wp\/v2\/pages\/1031\/revisions"}],"predecessor-version":[{"id":1203,"href":"https:\/\/tavolatastmoritz.ch\/en\/wp-json\/wp\/v2\/pages\/1031\/revisions\/1203"}],"up":[{"embeddable":true,"href":"https:\/\/tavolatastmoritz.ch\/en\/wp-json\/wp\/v2\/pages\/387"}],"wp:attachment":[{"href":"https:\/\/tavolatastmoritz.ch\/en\/wp-json\/wp\/v2\/media?parent=1031"}],"curies":[{"name":"wp","href":"https:\/\/api.w.org\/{rel}","templated":true}]}}