{"id":556,"date":"2025-05-13T15:48:47","date_gmt":"2025-05-13T15:48:47","guid":{"rendered":"https:\/\/tavolatastmoritz.ch\/?page_id=556"},"modified":"2025-06-02T13:53:35","modified_gmt":"2025-06-02T13:53:35","slug":"tavolata","status":"publish","type":"page","link":"https:\/\/tavolatastmoritz.ch\/en\/tavolata\/","title":{"rendered":"Tavolata"},"content":{"rendered":"<section class=\"wp-block-group alignfull !pt-lg has-global-padding is-layout-constrained wp-block-group-is-layout-constrained\" id=\"hero\" style=\"padding-top:0\">\n<div class=\"wp-block-group alignwide has-global-padding is-layout-constrained wp-block-group-is-layout-constrained\">\n<div class=\"wp-block-group is-vertical is-content-justification-center is-layout-flex wp-container-core-group-is-layout-ce155fab wp-block-group-is-layout-flex\">\n<h1 class=\"wp-block-heading has-text-align-center headline-hero has-red-color has-text-color has-link-color has-hero-font-size wp-elements-ebc40c0a69d73ccc3c634bdded7fc738\">Tavolata <strong>Our history<\/strong><\/h1>\n\n\n\n<p class=\"has-text-align-center has-sentinel-font-family has-md-font-size\" style=\"font-style:normal;font-weight:300\">Discover the exciting history of the Tavolata St. Moritz. What began as a small village festival has developed into one of the most important culinary events in the Engadin and far beyond<\/p>\n<\/div>\n<\/div>\n<\/section>\n\n\n\n<div class=\"wp-block-group alignfull has-background has-global-padding is-layout-constrained wp-block-group-is-layout-constrained\" style=\"background:linear-gradient(180deg,rgb(255,255,255) 50%,rgb(255,243,222) 50%)\">\n<div style=\"--carousel-image-width: clamp(140px, 140px + 26vw, 400px); --carousel-gap-size: 3.5rem\" class=\"carousel-container alignfull  wp-block-custom-blocks-carousel\">\n                    <div class=\"carousel-column resize-even\">\n                                            <img decoding=\"async\"\n                    class=\"carousel-item ratio-1-1\"\n                    src=\"https:\/\/tavolatastmoritz.ch\/wp-content\/uploads\/2025\/04\/tavolata_bbq___mg_7094_foto_stefanie_koehler-500x500.jpg\" \n                    alt=\"\"\n                \/>\n                                            <img decoding=\"async\"\n                    class=\"carousel-item ratio-1-1\"\n                    src=\"https:\/\/tavolatastmoritz.ch\/wp-content\/uploads\/2025\/05\/Kopie-von-Tavolata2018_06-500x500.jpg\" \n                    alt=\"\"\n                \/>\n                                            <img decoding=\"async\"\n                    class=\"carousel-item ratio-1-1\"\n                    src=\"https:\/\/tavolatastmoritz.ch\/wp-content\/uploads\/2025\/05\/Gros-Tavolata2018_Poschiavo__MG_8940-500x500.jpeg\" \n                    alt=\"\"\n                \/>\n                                            <img decoding=\"async\"\n                    class=\"carousel-item ratio-1-1\"\n                    src=\"https:\/\/tavolatastmoritz.ch\/wp-content\/uploads\/2025\/05\/Tavolata2018_Festival__MG_0134-500x500.jpg\" \n                    alt=\"\"\n                \/>\n                    <\/div>\n                <div class=\"carousel-column resize-even\">\n                                            <img decoding=\"async\"\n                    class=\"carousel-item ratio-1-1\"\n                    src=\"https:\/\/tavolatastmoritz.ch\/wp-content\/uploads\/2025\/04\/tavolata_bbq___mg_7094_foto_stefanie_koehler-500x500.jpg\" \n                    alt=\"\"\n                \/>\n                                            <img decoding=\"async\"\n                    class=\"carousel-item ratio-1-1\"\n                    src=\"https:\/\/tavolatastmoritz.ch\/wp-content\/uploads\/2025\/05\/Kopie-von-Tavolata2018_06-500x500.jpg\" \n                    alt=\"\"\n                \/>\n                                            <img decoding=\"async\"\n                    class=\"carousel-item ratio-1-1\"\n                    src=\"https:\/\/tavolatastmoritz.ch\/wp-content\/uploads\/2025\/05\/Gros-Tavolata2018_Poschiavo__MG_8940-500x500.jpeg\" \n                    alt=\"\"\n                \/>\n                                            <img decoding=\"async\"\n                    class=\"carousel-item ratio-1-1\"\n                    src=\"https:\/\/tavolatastmoritz.ch\/wp-content\/uploads\/2025\/05\/Tavolata2018_Festival__MG_0134-500x500.jpg\" \n                    alt=\"\"\n                \/>\n                    <\/div>\n            <\/div>\n<\/div>\n\n\n\n<section class=\"wp-block-group alignfull has-yellow-background-color has-background has-global-padding is-layout-constrained wp-block-group-is-layout-constrained\" style=\"margin-top:0;margin-bottom:0\">\n<div class=\"wp-block-group alignwide has-global-padding is-layout-constrained wp-block-group-is-layout-constrained\">\n<div class=\"wp-block-media-text is-stacked-on-mobile\" style=\"padding-right:0;padding-left:0;grid-template-columns:36% auto\"><figure class=\"wp-block-media-text__media\"><img decoding=\"async\" src=\"https:\/\/tavolatastmoritz.ch\/wp-content\/uploads\/2025\/05\/10-Years.svg\" alt=\"\" class=\"wp-image-560 size-full\"\/><\/figure><div class=\"wp-block-media-text__content\">\n<p>Since its first edition in 2011, the Tavolata has delighted thousands of visitors with its unique atmosphere and the longest table in the Alps. Originating from a simple idea to bring people together around a table, the event has grown in size and diversity year after year.<\/p>\n<\/div><\/div>\n\n\n\n<hr class=\"wp-block-separator has-alpha-channel-opacity is-style-default\" style=\"margin-top:var(--wp--preset--spacing--giga);margin-bottom:var(--wp--preset--spacing--giga)\"\/>\n\n\n\n<h2 class=\"wp-block-heading\"><strong>Milestones of the Tavolata<\/strong><\/h2>\n\n\n\n<div class=\"wp-block-group milestone-block has-global-padding is-layout-constrained wp-block-group-is-layout-constrained\">\n<div class=\"wp-block-group milestone-item is-nowrap is-layout-flex wp-container-core-group-is-layout-1fd21f53 wp-block-group-is-layout-flex\">\n<div class=\"wp-block-group w-[80px] h-[80px] milestone-year min-w-[80px] has-border-color has-red-border-color has-yellow-background-color has-background is-vertical is-content-justification-center is-layout-flex wp-container-core-group-is-layout-b6c1f246 wp-block-group-is-layout-flex\" style=\"border-width:3px;border-radius:1000px\">\n<h2 class=\"wp-block-heading\" style=\"font-size:clamp(14.642px, 0.915rem + ((1vw - 3.2px) * 0.751), 22px);line-height:1.1\">2011<\/h2>\n<\/div>\n\n\n\n<h4 class=\"wp-block-heading\"><strong>First tavolata with around 3,500 guests.<\/strong><\/h4>\n<\/div>\n\n\n\n<div class=\"wp-block-group milestone-item is-nowrap is-layout-flex wp-container-core-group-is-layout-1fd21f53 wp-block-group-is-layout-flex\">\n<div class=\"wp-block-group w-[80px] h-[80px] milestone-year min-w-[80px] has-border-color has-red-border-color has-yellow-background-color has-background is-vertical is-content-justification-center is-layout-flex wp-container-core-group-is-layout-b6c1f246 wp-block-group-is-layout-flex\" style=\"border-width:3px;border-radius:1000px\">\n<h2 class=\"wp-block-heading\" style=\"font-size:clamp(14.642px, 0.915rem + ((1vw - 3.2px) * 0.751), 22px);line-height:1.1\">2013<\/h2>\n<\/div>\n\n\n\n<h4 class=\"wp-block-heading\"><strong>Second event day with concerts attracts 4,500 guests.<\/strong><\/h4>\n<\/div>\n\n\n\n<div class=\"wp-block-group milestone-item is-nowrap is-layout-flex wp-container-core-group-is-layout-1fd21f53 wp-block-group-is-layout-flex\">\n<div class=\"wp-block-group w-[80px] h-[80px] milestone-year min-w-[80px] has-border-color has-red-border-color has-yellow-background-color has-background is-vertical is-content-justification-center is-layout-flex wp-container-core-group-is-layout-b6c1f246 wp-block-group-is-layout-flex\" style=\"border-width:3px;border-radius:1000px\">\n<h2 class=\"wp-block-heading\" style=\"font-size:clamp(14.642px, 0.915rem + ((1vw - 3.2px) * 0.751), 22px);line-height:1.1\">2015<\/h2>\n<\/div>\n\n\n\n<h4 class=\"wp-block-heading\"><strong>Record of 7,000 guests, introduction of the extended program.<\/strong><\/h4>\n<\/div>\n\n\n\n<div class=\"wp-block-group milestone-item is-nowrap is-layout-flex wp-container-core-group-is-layout-1fd21f53 wp-block-group-is-layout-flex\">\n<div class=\"wp-block-group w-[80px] h-[80px] milestone-year min-w-[80px] has-border-color has-red-border-color has-yellow-background-color has-background is-vertical is-content-justification-center is-layout-flex wp-container-core-group-is-layout-b6c1f246 wp-block-group-is-layout-flex\" style=\"border-width:3px;border-radius:1000px\">\n<h2 class=\"wp-block-heading\" style=\"font-size:clamp(14.642px, 0.915rem + ((1vw - 3.2px) * 0.751), 22px);line-height:1.1\">2016<\/h2>\n<\/div>\n\n\n\n<h4 class=\"wp-block-heading\"><strong>Launch of the popular street BBQ.<\/strong><\/h4>\n<\/div>\n\n\n\n<div class=\"wp-block-group milestone-item is-nowrap is-layout-flex wp-container-core-group-is-layout-1fd21f53 wp-block-group-is-layout-flex\">\n<div class=\"wp-block-group w-[80px] h-[80px] milestone-year min-w-[80px] has-border-color has-red-border-color has-yellow-background-color has-background is-vertical is-content-justification-center is-layout-flex wp-container-core-group-is-layout-b6c1f246 wp-block-group-is-layout-flex\" style=\"border-width:3px;border-radius:1000px\">\n<h2 class=\"wp-block-heading\" style=\"font-size:clamp(14.642px, 0.915rem + ((1vw - 3.2px) * 0.751), 22px);line-height:1.1\">2017<\/h2>\n<\/div>\n\n\n\n<h4 class=\"wp-block-heading\"><strong>Three days of Tavolata for the first time, 9,000 guests.<\/strong><\/h4>\n<\/div>\n\n\n\n<div class=\"wp-block-group milestone-item is-nowrap is-layout-flex wp-container-core-group-is-layout-1fd21f53 wp-block-group-is-layout-flex\">\n<div class=\"wp-block-group w-[80px] h-[80px] milestone-year min-w-[80px] has-border-color has-red-border-color has-yellow-background-color has-background is-vertical is-content-justification-center is-layout-flex wp-container-core-group-is-layout-b6c1f246 wp-block-group-is-layout-flex\" style=\"border-width:3px;border-radius:1000px\">\n<h2 class=\"wp-block-heading\" style=\"font-size:clamp(14.642px, 0.915rem + ((1vw - 3.2px) * 0.751), 22px);line-height:1.1\">2019<\/h2>\n<\/div>\n\n\n\n<h4 class=\"wp-block-heading\"><strong>Expansion with Tavolino, more than 10,000 guests.<\/strong><\/h4>\n<\/div>\n\n\n\n<div class=\"wp-block-group milestone-item is-nowrap is-layout-flex wp-container-core-group-is-layout-1fd21f53 wp-block-group-is-layout-flex\">\n<div class=\"wp-block-group w-[80px] h-[80px] milestone-year min-w-[80px] has-border-color has-red-border-color has-yellow-background-color has-background is-vertical is-content-justification-center is-layout-flex wp-container-core-group-is-layout-b6c1f246 wp-block-group-is-layout-flex\" style=\"border-width:3px;border-radius:1000px\">\n<h2 class=\"wp-block-heading\" style=\"font-size:clamp(14.642px, 0.915rem + ((1vw - 3.2px) * 0.751), 22px);line-height:1.1\">2022<\/h2>\n<\/div>\n\n\n\n<h4 class=\"wp-block-heading\"><strong>Anniversary edition with 15,000 guests.<\/strong><\/h4>\n<\/div>\n\n\n\n<div class=\"wp-block-group milestone-item is-nowrap is-layout-flex wp-container-core-group-is-layout-1fd21f53 wp-block-group-is-layout-flex\">\n<div class=\"wp-block-group w-[80px] h-[80px] milestone-year min-w-[80px] has-border-color has-red-border-color has-yellow-background-color has-background is-vertical is-content-justification-center is-layout-flex wp-container-core-group-is-layout-b6c1f246 wp-block-group-is-layout-flex\" style=\"border-width:3px;border-radius:1000px\">\n<h2 class=\"wp-block-heading\" style=\"font-size:clamp(14.642px, 0.915rem + ((1vw - 3.2px) * 0.751), 22px);line-height:1.1\">2024<br>2025<\/h2>\n<\/div>\n\n\n\n<h4 class=\"wp-block-heading\"><strong>Handover to the next generation and expansion to five days.<\/strong><\/h4>\n<\/div>\n<\/div>\n<\/div>\n<\/section>\n\n\n\n<section class=\"wp-block-group alignfull has-global-padding is-layout-constrained wp-block-group-is-layout-constrained\" style=\"margin-top:0;margin-bottom:0\">\n<div class=\"wp-block-media-text alignwide is-stacked-on-mobile\" style=\"padding-right:0;padding-left:0\"><figure class=\"wp-block-media-text__media\"><img loading=\"lazy\" decoding=\"async\" width=\"1024\" height=\"682\" src=\"https:\/\/tavolatastmoritz.ch\/wp-content\/uploads\/2025\/04\/image-1024x682.png\" alt=\"\" class=\"wp-image-36 size-full\"\/><\/figure><div class=\"wp-block-media-text__content\">\n<h2 class=\"wp-block-heading mt-0\"><strong>Origin and development<\/strong><\/h2>\n\n\n\n<p>The Tavolata was born in 2011 from the vision of establishing a summer highlight in St. Moritz that would bring locals and guests together. Inspired by the Italian tradition of eating together, the concept of a long table in the village center was born - open to everyone, regardless of origin, age or social status. This idea of community and culinary diversity has sustained the Tavolata to this day and makes it a unique experience in the Engadin.<\/p>\n<\/div><\/div>\n<\/section>\n\n\n\n<section class=\"wp-block-group alignfull has-global-padding is-layout-constrained wp-block-group-is-layout-constrained\" style=\"margin-top:0;margin-bottom:0\">\n<div class=\"wp-block-media-text alignwide has-media-on-the-right is-stacked-on-mobile\" style=\"padding-right:0;padding-left:0;grid-template-columns:auto 26%\"><div class=\"wp-block-media-text__content\">\n<h2 class=\"wp-block-heading mt-0\"><strong>What we stand for<\/strong><\/h2>\n\n\n\n<p>The Tavolata embodies values that are central to us: Community, regionality, authenticity, sustainability and innovation. These values guide our decisions, our program and the collaboration with our partners and supporters.<\/p>\n<\/div><figure class=\"wp-block-media-text__media\"><img loading=\"lazy\" decoding=\"async\" width=\"683\" height=\"1024\" src=\"https:\/\/tavolatastmoritz.ch\/wp-content\/uploads\/2025\/05\/Tavolata2018_Festival__MG_0392-683x1024.jpg\" alt=\"\" class=\"wp-image-788 size-full\"\/><\/figure><\/div>\n<\/section>\n\n\n\n<section class=\"wp-block-group alignfull has-global-padding is-layout-constrained wp-container-core-group-is-layout-feda4888 wp-block-group-is-layout-constrained\" style=\"margin-top:0;margin-bottom:0\">\n<div class=\"wp-block-columns alignwide is-layout-flex wp-container-core-columns-is-layout-28f84493 wp-block-columns-is-layout-flex\">\n<div class=\"wp-block-column has-yellow-background-color has-background is-layout-flow wp-block-column-is-layout-flow\" style=\"padding-top:var(--wp--preset--spacing--md);padding-right:var(--wp--preset--spacing--md);padding-bottom:var(--wp--preset--spacing--md);padding-left:var(--wp--preset--spacing--md)\">\n<figure class=\"wp-block-image size-full w-fit h-fit\"><img decoding=\"async\" src=\"https:\/\/tavolatastmoritz.ch\/wp-content\/uploads\/2025\/05\/Gemeinschaft.svg\" alt=\"\" class=\"wp-image-580\"\/><\/figure>\n\n\n\n<h2 class=\"wp-block-heading has-text-color has-link-color wp-elements-05915208964b69c406d35c555822d9b5\">Community<\/h2>\n\n\n\n<p>The focus is on connecting people around a common table to create new encounters and strengthen existing friendships.<\/p>\n<\/div>\n\n\n\n<div class=\"wp-block-column has-yellow-background-color has-background is-layout-flow wp-block-column-is-layout-flow\" style=\"padding-top:var(--wp--preset--spacing--md);padding-right:var(--wp--preset--spacing--md);padding-bottom:var(--wp--preset--spacing--md);padding-left:var(--wp--preset--spacing--md)\">\n<figure class=\"wp-block-image size-full w-fit h-fit\"><img decoding=\"async\" src=\"https:\/\/tavolatastmoritz.ch\/wp-content\/uploads\/2025\/05\/Regionalitat-und-Authentizitat.svg\" alt=\"\" class=\"wp-image-581\"\/><\/figure>\n\n\n\n<h2 class=\"wp-block-heading has-text-color has-link-color wp-elements-f88e9fc293c6a8bfdf7d5106649e61bb\">Regionality and authenticity<\/h2>\n\n\n\n<p>We promote and celebrate local producers, chefs and culture - authentic, genuine and honest.<\/p>\n<\/div>\n<\/div>\n\n\n\n<div class=\"wp-block-columns alignwide is-layout-flex wp-container-core-columns-is-layout-28f84493 wp-block-columns-is-layout-flex\">\n<div class=\"wp-block-column has-yellow-background-color has-background is-layout-flow wp-block-column-is-layout-flow\" style=\"padding-top:var(--wp--preset--spacing--md);padding-right:var(--wp--preset--spacing--md);padding-bottom:var(--wp--preset--spacing--md);padding-left:var(--wp--preset--spacing--md)\">\n<figure class=\"wp-block-image size-full w-fit h-fit\"><img decoding=\"async\" src=\"https:\/\/tavolatastmoritz.ch\/wp-content\/uploads\/2025\/05\/Nachhaltigkeit-2.svg\" alt=\"\" class=\"wp-image-582\"\/><\/figure>\n\n\n\n<h2 class=\"wp-block-heading has-text-color has-link-color wp-elements-84cfd5e62535453aca45ee10b87c47af\">Sustainability<\/h2>\n\n\n\n<p>Sustainable practices, regional products and the responsible use of resources are key concerns for us.<\/p>\n<\/div>\n\n\n\n<div class=\"wp-block-column has-yellow-background-color has-background is-layout-flow wp-block-column-is-layout-flow\" style=\"padding-top:var(--wp--preset--spacing--md);padding-right:var(--wp--preset--spacing--md);padding-bottom:var(--wp--preset--spacing--md);padding-left:var(--wp--preset--spacing--md)\">\n<figure class=\"wp-block-image size-full w-fit h-fit\"><img decoding=\"async\" src=\"https:\/\/tavolatastmoritz.ch\/wp-content\/uploads\/2025\/05\/Innovation.svg\" alt=\"\" class=\"wp-image-583\"\/><\/figure>\n\n\n\n<h2 class=\"wp-block-heading has-text-color has-link-color wp-elements-3d06f7bf0825cb8560d736fc8d197e38\">Innovation<\/h2>\n\n\n\n<p>We combine tradition with modern elements to create surprising and innovative experiences every year.<\/p>\n<\/div>\n<\/div>\n<\/section>\n\n\n\n<p><\/p>\n\n\n\n<p><\/p>\n\n\n\n<p><\/p>","protected":false},"excerpt":{"rendered":"<p>Seit ihrer ersten Ausgabe 2011 begeistert die Tavolata tausende Besucher:innen mit ihrer einzigartigen Atmosph\u00e4re und der l\u00e4ngsten Tafel der Alpen. Entstanden aus einer simplen Idee, Menschen an einem Tisch zusammenzubringen, wurde das Event Jahr f\u00fcr Jahr gr\u00f6sser und vielf\u00e4ltiger. Meilensteine der Tavolata Herkunft und Entstehung Die Tavolata entstand 2011 aus der Vision, ein Sommerhighlight in [&hellip;]<\/p>","protected":false},"author":2,"featured_media":0,"parent":0,"menu_order":15,"comment_status":"closed","ping_status":"closed","template":"wp-custom-template-blank","meta":{"slim_seo":{"title":"Tavolata - Tavolata St. Moritz","description":"Meilensteine der Tavolata Gemeinschaft Im Mittelpunkt steht die Verbindung von Menschen an einem gemeinsamen Tisch, um neue Begegnungen zu schaffen und bestehen"},"footnotes":""},"class_list":["post-556","page","type-page","status-publish","hentry"],"_links":{"self":[{"href":"https:\/\/tavolatastmoritz.ch\/en\/wp-json\/wp\/v2\/pages\/556","targetHints":{"allow":["GET"]}}],"collection":[{"href":"https:\/\/tavolatastmoritz.ch\/en\/wp-json\/wp\/v2\/pages"}],"about":[{"href":"https:\/\/tavolatastmoritz.ch\/en\/wp-json\/wp\/v2\/types\/page"}],"author":[{"embeddable":true,"href":"https:\/\/tavolatastmoritz.ch\/en\/wp-json\/wp\/v2\/users\/2"}],"replies":[{"embeddable":true,"href":"https:\/\/tavolatastmoritz.ch\/en\/wp-json\/wp\/v2\/comments?post=556"}],"version-history":[{"count":8,"href":"https:\/\/tavolatastmoritz.ch\/en\/wp-json\/wp\/v2\/pages\/556\/revisions"}],"predecessor-version":[{"id":893,"href":"https:\/\/tavolatastmoritz.ch\/en\/wp-json\/wp\/v2\/pages\/556\/revisions\/893"}],"wp:attachment":[{"href":"https:\/\/tavolatastmoritz.ch\/en\/wp-json\/wp\/v2\/media?parent=556"}],"curies":[{"name":"wp","href":"https:\/\/api.w.org\/{rel}","templated":true}]}}